{"id":302,"date":"2023-11-03T15:52:26","date_gmt":"2023-11-03T14:52:26","guid":{"rendered":"http:\/\/localhost\/www\/wp-6.3.1_carr_caselle2\/?page_id=302"},"modified":"2023-11-03T16:22:38","modified_gmt":"2023-11-03T15:22:38","slug":"page-test","status":"publish","type":"page","link":"https:\/\/www.carrozzeriacaselle.it\/","title":{"rendered":"Azienda"},"content":{"rendered":"\n<p class=\"has-medium-font-size\">La nostra Carrozzeria ha sempre messo in primo piano<br><em>la seriet\u00e0, la professionalit\u00e0, passione e qualit\u00e0 del lavoro<\/em>, sempre attenta all&#8217;evoluzione tecnologica utilizza da sempre attrezzature e materiali all&#8217;avanguardia,mantenendo per\u00f2, la tradizione di una lavorazione artigianale garantendo la cura anche dei dettagli, assicurando cos\u00ec, un lavoro eseguito a regola d&#8217;arte.<br>Lo <em>Staff<\/em> \u00e8 composto da personale altamente qualificato e suddiviso nei seguenti settori:&nbsp;<\/p>\n\n\n\n<ul class=\"has-medium-font-size\">\n<li>Accettazione \/ Amministrazione<\/li>\n\n\n\n<li>Smontaggio e Rimontaggio<\/li>\n\n\n\n<li>Lattoneria<\/li>\n\n\n\n<li>Preparazione<\/li>\n\n\n\n<li>Verniciatura<\/li>\n\n\n\n<li>Lucidatura<\/li>\n\n\n\n<li>Montaggio gomme<\/li>\n<\/ul>\n\n\n\n<p><\/p>\n\n\n\n<p><\/p>\n\n\n\n<p class=\"has-medium-font-size\"><em>Per tutti i clienti che decideranno di riparare la propria vettura presso la Carrozzeria Caselle, verr\u00e0 omaggiata la lucidatura dell&#8217;auto<\/em><\/p>\n\n\n\n<p><\/p>\n\n\n\n<h2 class=\"wp-block-heading has-medium-font-size\"><strong><em>Dicono di noi<\/em><\/strong><\/h2>\n\n\n<style>\r\n.bts142 {\r\n    padding : 10px;\r\n}\r\n.bts142 .owl-dots .owl-dot span {\r\n  display: none;\r\n}\r\n.bts142 .owl-nav .owl-prev:before,\r\n.bts142 .owl-nav .owl-next:before{\r\n    color: #ffffff !important;\r\n    font-size: 20px !important;\r\n    background: #444444 !important;\r\n    padding: 5px;\r\n    border-radius: 3px;\r\n}\r\n.bts142 .owl-nav .owl-prev:hover:before,\r\n.bts142 .owl-nav .owl-next:hover:before{\r\n    color: #ffffff !important;\r\n    background: #4527A4 !important;\r\n}\r\n<\/style>\r\n<style>\r\n    .bts142 {\r\n        background : transparent    }\r\n    .bts142 .item h3 {\r\n        color: #3a3a3a;\r\n    }\r\n    .bts142 .item h4 {\r\n        color: #3a3a3a;\r\n    }\r\n    .bts142 .item .description p{\r\n        color: #3a3a3a;\r\n    }\r\n    .bts142 .item .description p a {\r\n        color: #0274be;\r\n    }\r\n<\/style>\r\n<div class=\"owl-carousel owl-theme carousel142 show_all_less nav_bottom bts142\" id=\"bts1\">\r\n            <div class=\"item\">\r\n        <img decoding=\"async\" src=\"https:\/\/www.carrozzeriacaselle.it\/wp-content\/uploads\/2024\/05\/TommasoSpezzano.png\" alt=\"\">\r\n        <h3>Tommaso<\/h3>\r\n        <h4><\/h4>\r\n        <div class=\"description\">\r\n            <p class=\"show_all\">Il titolare \u00e8 una persona davvero gentile e disponibile. Il lavoro che ha svolto sulla mia auto \u00e8 davvero eccellente.\r\nCONSIGLIATISSIMO<a href=\"#\" class=\"bts3-show-less\" data-id=\"129\">Read Less<\/a><\/p>\r\n\r\n            <p class=\"show_less\">Il titolare \u00e8 una persona davvero gentile e disponibile. Il lavoro che ha svolto sulla mia auto \u00e8 davvero eccellente.\r\nCONSIGLIATISSIMO<\/p>\r\n        <\/div>\r\n    <\/div>    \r\n        <div class=\"item\">\r\n        <img decoding=\"async\" src=\"https:\/\/www.carrozzeriacaselle.it\/wp-content\/uploads\/2024\/02\/Benny.png\" alt=\"\">\r\n        <h3>Benny<\/h3>\r\n        <h4><\/h4>\r\n        <div class=\"description\">\r\n            <p class=\"show_all\">\u00c8 la seconda volta che porto la mia 600 in questa carrozzeria consigliatami da un amico e devo dire che non sono affatto delusa, anzi. I titolari sono gentilissimi, professionali e pronti ad aiutarti. Hanno inoltre la vettura di cortesia che per chi come me possiede una sola vettura in famiglia \u00e8 davvero il massimo! Lo consiglio a chiunque!!!<a href=\"#\" class=\"bts3-show-less\" data-id=\"129\">Read Less<\/a><\/p>\r\n\r\n            <p class=\"show_less\">\u00c8 la seconda volta che porto la mia 600 in questa carrozzeria consigliatami da un amico e devo dire che non sono affatto delusa, anzi. I titolari sono gentilissimi, professionali e pronti ad aiutarti... <a href=\"#\" class=\"bts3-show-all\" data-id=\"389\">Read More<\/a><\/p>\r\n        <\/div>\r\n    <\/div>    \r\n        <div class=\"item\">\r\n        <img decoding=\"async\" src=\"https:\/\/www.carrozzeriacaselle.it\/wp-content\/uploads\/2024\/02\/Barbara.png\" alt=\"\">\r\n        <h3>Barbara<\/h3>\r\n        <h4><\/h4>\r\n        <div class=\"description\">\r\n            <p class=\"show_all\">Un prima e dopo molto eloquente... Macchina meglio che nuova, ed anche pulitissima!\r\nMolto disponibili, anche per l'auto di cortesia, consigliatissimi!<a href=\"#\" class=\"bts3-show-less\" data-id=\"129\">Read Less<\/a><\/p>\r\n\r\n            <p class=\"show_less\">Un prima e dopo molto eloquente... Macchina meglio che nuova, ed anche pulitissima!\r\nMolto disponibili, anche per l'auto di cortesia, consigliatissimi!<\/p>\r\n        <\/div>\r\n    <\/div>    \r\n<\/div>\r\n\n","protected":false},"excerpt":{"rendered":"<p>La nostra Carrozzeria ha sempre messo in primo pianola seriet\u00e0, la professionalit\u00e0, passione e qualit\u00e0 del lavoro, sempre attenta all&#8217;evoluzione tecnologica utilizza da sempre attrezzature e materiali all&#8217;avanguardia,mantenendo per\u00f2, la tradizione di una lavorazione artigianale garantendo la cura anche dei dettagli, assicurando cos\u00ec, un lavoro eseguito a regola d&#8217;arte.Lo Staff \u00e8 composto da personale altamente [&hellip;]<\/p>\n","protected":false},"author":1,"featured_media":0,"parent":0,"menu_order":0,"comment_status":"closed","ping_status":"closed","template":"page-templates\/page-nosidebars.php","meta":{"footnotes":""},"yoast_head":"<!-- This site is optimized with the Yoast SEO plugin v22.7 - https:\/\/yoast.com\/wordpress\/plugins\/seo\/ -->\r\n<title>Azienda -<\/title>\r\n<meta name=\"robots\" content=\"index, follow, max-snippet:-1, max-image-preview:large, max-video-preview:-1\" \/>\r\n<link rel=\"canonical\" href=\"https:\/\/www.carrozzeriacaselle.it\/\" \/>\r\n<meta property=\"og:locale\" content=\"it_IT\" \/>\r\n<meta property=\"og:type\" content=\"article\" \/>\r\n<meta property=\"og:title\" content=\"Azienda -\" \/>\r\n<meta property=\"og:description\" content=\"La nostra Carrozzeria ha sempre messo in primo pianola seriet\u00e0, la professionalit\u00e0, passione e qualit\u00e0 del lavoro, sempre attenta all&#8217;evoluzione tecnologica utilizza da sempre attrezzature e materiali all&#8217;avanguardia,mantenendo per\u00f2, la tradizione di una lavorazione artigianale garantendo la cura anche dei dettagli, assicurando cos\u00ec, un lavoro eseguito a regola d&#8217;arte.Lo Staff \u00e8 composto da personale altamente [&hellip;]\" \/>\r\n<meta property=\"og:url\" content=\"https:\/\/www.carrozzeriacaselle.it\/\" \/>\r\n<meta property=\"article:modified_time\" content=\"2023-11-03T15:22:38+00:00\" \/>\r\n<meta name=\"twitter:card\" content=\"summary_large_image\" \/>\r\n<meta name=\"twitter:label1\" content=\"Tempo di lettura stimato\" \/>\n\t<meta name=\"twitter:data1\" content=\"1 minuto\" \/>\r\n<script type=\"application\/ld+json\" class=\"yoast-schema-graph\">{\"@context\":\"https:\/\/schema.org\",\"@graph\":[{\"@type\":\"WebPage\",\"@id\":\"https:\/\/www.carrozzeriacaselle.it\/\",\"url\":\"https:\/\/www.carrozzeriacaselle.it\/\",\"name\":\"Azienda -\",\"isPartOf\":{\"@id\":\"https:\/\/www.carrozzeriacaselle.it\/#website\"},\"datePublished\":\"2023-11-03T14:52:26+00:00\",\"dateModified\":\"2023-11-03T15:22:38+00:00\",\"inLanguage\":\"it-IT\",\"potentialAction\":[{\"@type\":\"ReadAction\",\"target\":[\"https:\/\/www.carrozzeriacaselle.it\/\"]}]},{\"@type\":\"WebSite\",\"@id\":\"https:\/\/www.carrozzeriacaselle.it\/#website\",\"url\":\"https:\/\/www.carrozzeriacaselle.it\/\",\"name\":\"\",\"description\":\"Da oltre 30 anni al vostro servizio\",\"potentialAction\":[{\"@type\":\"SearchAction\",\"target\":{\"@type\":\"EntryPoint\",\"urlTemplate\":\"https:\/\/www.carrozzeriacaselle.it\/?s={search_term_string}\"},\"query-input\":\"required name=search_term_string\"}],\"inLanguage\":\"it-IT\"}]}<\/script>\r\n<!-- \/ Yoast SEO plugin. -->","yoast_head_json":{"title":"Azienda -","robots":{"index":"index","follow":"follow","max-snippet":"max-snippet:-1","max-image-preview":"max-image-preview:large","max-video-preview":"max-video-preview:-1"},"canonical":"https:\/\/www.carrozzeriacaselle.it\/","og_locale":"it_IT","og_type":"article","og_title":"Azienda -","og_description":"La nostra Carrozzeria ha sempre messo in primo pianola seriet\u00e0, la professionalit\u00e0, passione e qualit\u00e0 del lavoro, sempre attenta all&#8217;evoluzione tecnologica utilizza da sempre attrezzature e materiali all&#8217;avanguardia,mantenendo per\u00f2, la tradizione di una lavorazione artigianale garantendo la cura anche dei dettagli, assicurando cos\u00ec, un lavoro eseguito a regola d&#8217;arte.Lo Staff \u00e8 composto da personale altamente [&hellip;]","og_url":"https:\/\/www.carrozzeriacaselle.it\/","article_modified_time":"2023-11-03T15:22:38+00:00","twitter_card":"summary_large_image","twitter_misc":{"Tempo di lettura stimato":"1 minuto"},"schema":{"@context":"https:\/\/schema.org","@graph":[{"@type":"WebPage","@id":"https:\/\/www.carrozzeriacaselle.it\/","url":"https:\/\/www.carrozzeriacaselle.it\/","name":"Azienda -","isPartOf":{"@id":"https:\/\/www.carrozzeriacaselle.it\/#website"},"datePublished":"2023-11-03T14:52:26+00:00","dateModified":"2023-11-03T15:22:38+00:00","inLanguage":"it-IT","potentialAction":[{"@type":"ReadAction","target":["https:\/\/www.carrozzeriacaselle.it\/"]}]},{"@type":"WebSite","@id":"https:\/\/www.carrozzeriacaselle.it\/#website","url":"https:\/\/www.carrozzeriacaselle.it\/","name":"","description":"Da oltre 30 anni al vostro servizio","potentialAction":[{"@type":"SearchAction","target":{"@type":"EntryPoint","urlTemplate":"https:\/\/www.carrozzeriacaselle.it\/?s={search_term_string}"},"query-input":"required name=search_term_string"}],"inLanguage":"it-IT"}]}},"_links":{"self":[{"href":"https:\/\/www.carrozzeriacaselle.it\/index.php\/wp-json\/wp\/v2\/pages\/302"}],"collection":[{"href":"https:\/\/www.carrozzeriacaselle.it\/index.php\/wp-json\/wp\/v2\/pages"}],"about":[{"href":"https:\/\/www.carrozzeriacaselle.it\/index.php\/wp-json\/wp\/v2\/types\/page"}],"author":[{"embeddable":true,"href":"https:\/\/www.carrozzeriacaselle.it\/index.php\/wp-json\/wp\/v2\/users\/1"}],"replies":[{"embeddable":true,"href":"https:\/\/www.carrozzeriacaselle.it\/index.php\/wp-json\/wp\/v2\/comments?post=302"}],"version-history":[{"count":6,"href":"https:\/\/www.carrozzeriacaselle.it\/index.php\/wp-json\/wp\/v2\/pages\/302\/revisions"}],"predecessor-version":[{"id":313,"href":"https:\/\/www.carrozzeriacaselle.it\/index.php\/wp-json\/wp\/v2\/pages\/302\/revisions\/313"}],"wp:attachment":[{"href":"https:\/\/www.carrozzeriacaselle.it\/index.php\/wp-json\/wp\/v2\/media?parent=302"}],"curies":[{"name":"wp","href":"https:\/\/api.w.org\/{rel}","templated":true}]}}